{"id":3084,"date":"2023-08-01T09:24:04","date_gmt":"2023-08-01T09:24:04","guid":{"rendered":"https:\/\/pelicula.qodeinteractive.com\/?page_id=3084"},"modified":"2025-09-11T07:51:59","modified_gmt":"2025-09-11T07:51:59","slug":"impressum","status":"publish","type":"page","link":"https:\/\/disziplin.org\/de\/impressum\/","title":{"rendered":"Impressum"},"content":{"rendered":"<p>Nicol\u00e1s J. Scatamacchia<\/p>\r\n<p>Kontakt: <a href=\"mailto:njs@disziplin.org\">njs(a)disziplin.org<\/a><\/p>\r\n<p>(0049) 015771536709<\/p>\r\n<p>Steuernummer: 14\/505\/02013<\/p>\r\n<p>Berufsbezeichnung: Regisseur &amp; Producer<\/p>\r\n<p>&nbsp;<\/p>\r\n<p>&nbsp;<\/p>\r\n<p>&nbsp;<\/p>\r\n\r\n\r\n\r\n<h3><b>DATENSCHUTZHINWEISE:<\/b><\/h3>\r\n\r\n\r\n\r\n<p>I. Informationen \u00fcber die Verarbeitung Ihrer Daten gem\u00e4\u00df Art. 13 der Datenschutz-Grundverordnung (DS-GVO)<\/p>\r\n<p>1. Verantwortlicher und Datenschutzbeauftragter<\/p>\r\n<p>Verantwortlich f\u00fcr diese Website sind:<\/p>\r\n<p>Nicolas J. Scatamacchia<\/p>\r\n<p><a href=\"mailto:njs@disziplin.org\">njs@disziplin.org<\/a><\/p>\r\n<p>&nbsp;<\/p>\r\n<p>2. Daten, die f\u00fcr die Bereitstellung der Website und die Erstellung der<\/p>\r\n<p>Protokolldateien verarbeitet werden<\/p>\r\n<p>a. Welche Daten werden f\u00fcr welchen Zweck verarbeitet?<\/p>\r\n<p>Bei jedem Zugriff auf Inhalte der Website werden vor\u00fcbergehend Daten gespeichert, die<\/p>\r\n<p>m\u00f6glicherweise eine Identifizierung zulassen. Die folgenden Daten werden hierbei<\/p>\r\n<p>erhoben:<\/p>\r\n<p>&#8211; Datum und Uhrzeit des Zugriffs<\/p>\r\n<p>&#8211; IP-Adresse<\/p>\r\n<p>&#8211; Hostname des zugreifenden Rechners<\/p>\r\n<p>&#8211; Website, von der aus die Website aufgerufen wurde<\/p>\r\n<p>&#8211; Websites, die \u00fcber die Website aufgerufen werden<\/p>\r\n<p>&#8211; Besuchte Seite auf unserer Website<\/p>\r\n<p>&#8211; Meldung, ob der Abruf erfolgreich war<\/p>\r\n<p>&#8211; \u00dcbertragene Datenmenge<\/p>\r\n<p>&#8211; Informationen \u00fcber den Browsertyp und die verwendete Version<\/p>\r\n<p>&#8211; Betriebssystem<\/p>\r\n<p>Die vor\u00fcbergehende Speicherung der Daten ist f\u00fcr den Ablauf eines Websitebesuchs<\/p>\r\n<p>erforderlich, um eine Auslieferung der Website zu erm\u00f6glichen. Eine weitere<\/p>\r\n<p>Speicherung in Protokolldateien erfolgt, um die Funktionsf\u00e4higkeit der Website und die<\/p>\r\n<p>Sicherheit der informationstechnischen Systeme sicherzustellen. In diesen Zwecken liegt<\/p>\r\n<p>auch unser berechtigtes Interesse an der Datenverarbeitung.<\/p>\r\n<p>b. Auf welcher Rechtsgrundlage werden diese Daten verarbeitet?<\/p>\r\n<p>Die Daten werden auf der Grundlage des Art. 6 Abs. 1 Buchstabe f DS-GVO verarbeitet.<\/p>\r\n<p>d. Wie lange werden die Daten gespeichert?<\/p>\r\n<p>Die Daten werden gel\u00f6scht, sobald sie f\u00fcr die Erreichung des Zwecks ihrer Erhebung<\/p>\r\n<p>nicht mehr erforderlich sind. Bei der Bereitstellung der Website ist dies der Fall, wenn die<\/p>\r\n<p>jeweilige Sitzung beendet ist. Die Protokolldateien werden [\u2026, maximal bis zu 24<\/p>\r\n<p>Stunden] direkt und ausschlie\u00dflich f\u00fcr Administratoren zug\u00e4nglich aufbewahrt. Danach<\/p>\r\n<p>sind sie nur noch indirekt \u00fcber die Rekonstruktion von Sicherungsb\u00e4ndern verf\u00fcgbar und<\/p>\r\n<p>werden nach maximal vier Wochen endg\u00fcltig gel\u00f6scht.<\/p>\r\n<p>&nbsp;<\/p>\r\n<p>3. Betroffenenrechte<\/p>\r\n<p>a. Recht auf Auskunft<\/p>\r\n<p>Sie k\u00f6nnen Auskunft nach Art. 15 DS-GVO \u00fcber Ihre personenbezogenen Daten<\/p>\r\n<p>verlangen, die wir verarbeiten.<\/p>\r\n<p>b. Recht auf Widerspruch<\/p>\r\n<p>Sie haben ein Recht auf Widerspruch aus besonderen Gr\u00fcnden (siehe unter Punkt II).<\/p>\r\n<p>c. Recht auf Berichtigung<\/p>\r\n<p>Sollten die Sie betreffenden Angaben nicht (mehr) zutreffend sein, k\u00f6nnen Sie nach Art.<\/p>\r\n<p>16 DS-GVO eine Berichtigung verlangen. Sollten Ihre Daten unvollst\u00e4ndig sein, k\u00f6nnen<\/p>\r\n<p>Sie eine Vervollst\u00e4ndigung verlangen.<\/p>\r\n<p>d. Recht auf L\u00f6schung<\/p>\r\n<p>Sie k\u00f6nnen nach Art. 17 DS-GVO die L\u00f6schung Ihrer personenbezogenen Daten<\/p>\r\n<p>verlangen.<\/p>\r\n<p>e. Recht auf Einschr\u00e4nkung der Verarbeitung<\/p>\r\n<p>Sie haben nach Art. 18 DS-GVO das Recht, eine Einschr\u00e4nkung der Verarbeitung Ihrer<\/p>\r\n<p>personenbezogenen Daten zu verlangen.<\/p>\r\n<p>f. Recht auf Beschwerde<\/p>\r\n<p>Wenn Sie der Ansicht sind, dass die Verarbeitung Ihrer personenbezogenen Daten<\/p>\r\n<p>gegen Datenschutzrecht verst\u00f6\u00dft, haben Sie nach Ar. 77 Abs. 1 DS-GVO das Recht,<\/p>\r\n<p>sich bei einer Datenschutzaufsichtsbeh\u00f6rde eigener Wahl zu beschweren.<\/p>\r\n<p>g. Recht auf Daten\u00fcbertragbarkeit<\/p>\r\n<p>F\u00fcr den Fall, dass die Voraussetzungen des Art. 20 Abs. 1 DS-GVO vorliegen, steht<\/p>\r\n<p>Ihnen das Recht zu, sich Daten, die wir auf Grundlage Ihrer Einwilligung oder in<\/p>\r\n<p>Erf\u00fcllung eines Vertrags automatisiert verarbeiten, an sich oder an Dritte aush\u00e4ndigen<\/p>\r\n<p>zu lassen. Die Erfassung der Daten zur Bereitstellung der Website und die Speicherung<\/p>\r\n<p>der Protokolldateien sind f\u00fcr den Betrieb der Internetseite zwingend erforderlich. Sie<\/p>\r\n<p>beruhen daher nicht auf einer Einwilligung nach Art. 6 Abs. 1 Buchstabe a DS-GVO oder<\/p>\r\n<p>auf einem Vertrag nach Art. 6 Abs. 1 Buchstabe b DS-GVO, sondern sind nach Art. 6<\/p>\r\n<p>Abs. 1 Buchstabe f DS-GVO gerechtfertigt. Die Voraussetzungen des Art. 20 Abs. 1 DS-<\/p>\r\n<p>GVO sind demnach insoweit nicht erf\u00fcllt.<\/p>\r\n<p>&nbsp;<\/p>\r\n<p>4. Recht auf Widerspruch gem\u00e4\u00df Art. 21 Abs. 1 DS-GVO<\/p>\r\n<p>Sie haben das Recht, aus Gr\u00fcnden, die sich aus Ihrer besonderen Situation ergeben,<\/p>\r\n<p>jederzeit gegen die Verarbeitung Ihrer personenbezogenen Daten, die aufgrund von<\/p>\r\n<p>Artikel 6 Abs. 1 Buchstabe f DS-GVO erfolgt, Widerspruch einzulegen. Der<\/p>\r\n<p>Verantwortliche verarbeitet die personenbezogenen Daten dann nicht mehr, es sei denn,<\/p>\r\n<p>er kann zwingende schutzw\u00fcrdige Gr\u00fcnde f\u00fcr die Verarbeitung nachweisen, die die<\/p>\r\n<p>Interessen, Rechte und Freiheiten der betroffenen Person \u00fcberwiegen, oder die<\/p>\r\n<p>Verarbeitung dient der Geltendmachung, Aus\u00fcbung oder Verteidigung von<\/p>\r\n<p>Rechtsanspr\u00fcchen. Die Erfassung der Daten zur Bereitstellung der Website und die<\/p>\r\n<p>Speicherung der Protokolldateien sind f\u00fcr den Betrieb der Internetseite zwingend<\/p>\r\n<p>erforderlich.<\/p>","protected":false},"excerpt":{"rendered":"<p>Nicol\u00e1s J. Scatamacchia Kontakt: njs(a)disziplin.org (0049) 015771536709 Steuernummer: 14\/505\/02013 Berufsbezeichnung: Regisseur &amp; Producer &nbsp; &nbsp; &nbsp; DATENSCHUTZHINWEISE: I. Informationen \u00fcber die Verarbeitung Ihrer Daten gem\u00e4\u00df Art. 13 der Datenschutz-Grundverordnung (DS-GVO) 1. Verantwortlicher und Datenschutzbeauftragter Verantwortlich f\u00fcr diese Website sind: Nicolas J. Scatamacchia njs@disziplin.org &nbsp; 2. Daten, die f\u00fcr die Bereitstellung der Website und die Erstellung [&hellip;]<\/p>","protected":false},"author":3,"featured_media":0,"parent":0,"menu_order":0,"comment_status":"closed","ping_status":"closed","template":"","meta":{"footnotes":""},"class_list":["post-3084","page","type-page","status-publish","hentry"],"_links":{"self":[{"href":"https:\/\/disziplin.org\/de\/wp-json\/wp\/v2\/pages\/3084","targetHints":{"allow":["GET"]}}],"collection":[{"href":"https:\/\/disziplin.org\/de\/wp-json\/wp\/v2\/pages"}],"about":[{"href":"https:\/\/disziplin.org\/de\/wp-json\/wp\/v2\/types\/page"}],"author":[{"embeddable":true,"href":"https:\/\/disziplin.org\/de\/wp-json\/wp\/v2\/users\/3"}],"replies":[{"embeddable":true,"href":"https:\/\/disziplin.org\/de\/wp-json\/wp\/v2\/comments?post=3084"}],"version-history":[{"count":10,"href":"https:\/\/disziplin.org\/de\/wp-json\/wp\/v2\/pages\/3084\/revisions"}],"predecessor-version":[{"id":4244,"href":"https:\/\/disziplin.org\/de\/wp-json\/wp\/v2\/pages\/3084\/revisions\/4244"}],"wp:attachment":[{"href":"https:\/\/disziplin.org\/de\/wp-json\/wp\/v2\/media?parent=3084"}],"curies":[{"name":"wp","href":"https:\/\/api.w.org\/{rel}","templated":true}]}}